{"id":96,"date":"2025-12-16T16:28:17","date_gmt":"2025-12-16T14:28:17","guid":{"rendered":"https:\/\/likewise878-jyclb.wordpress.com\/?page_id=96"},"modified":"2025-12-30T18:21:15","modified_gmt":"2025-12-30T17:21:15","slug":"exphilnerd-exphil-om-filosofiske-tekster","status":"publish","type":"page","link":"https:\/\/exphilnerd.com\/index.php\/exphilnerd-exphil-om-filosofiske-tekster\/","title":{"rendered":"Om \u00abFilosofiske essays\u00bb"},"content":{"rendered":"\n<div style=\"height:60px\" aria-hidden=\"true\" class=\"wp-block-spacer\"><\/div>\n\n\n\n<p class=\"has-text-align-left\">I arkivet <em>\u2019filosofiske essays\u2019 <\/em>finnes filosofiske essay\u00ader om sen\u00adtrale tek\u00adstene, for\u00adfat\u00adterne og begrepene innen de tre store filosofiske omr\u00e5\u00addene: etikk, metafysikk og epis\u00adte\u00admolo\u00adgi. Essayene dekker tek\u00adstene, for\u00adfat\u00adterne og begrepene p\u00e5 Exphil-pen\u00adsum og hvert av disse essayene kan ans\u00ades som et <em>eksem\u00adpelsvar<\/em> til en eksamen\u00adsopp\u00adgave.<\/p>\n\n\n\n<p class=\"has-text-align-left\">Alle essayene er skrevet av <a href=\"https:\/\/exphilnerd.com\/index.php\/about#om-forfatterskap\">et men\u00adneske som fikk A i Exphil<\/a>; de er omhyggelig utar\u00adbei\u00addet, i en stil og form, med en pre\u00adsisjon og dybde som match\u00ader Exphils eksamensfor\u00advent\u00adninger til topp\u00adkarak\u00adter. Noen av essayene er direk\u00adte hen\u00adtet fra for\u00adfat\u00adterens for\u00adbere\u00addelses\u00adno\u00adtater og fra essayene som ble skrevet til selve eksamen. Her er et eksem\u00adpel:<\/p>\n\n\n\n<p class=\"has-text-align-left\"><em><a href=\"https:\/\/exphilnerd.com\/index.php\/2025\/12\/16\/brevveksling-mellom-rene-descartes-og-elisabeth-av-bohmen\/\">Brevvek\u00adsling mel\u00adlom Ren\u00e9 Descartes og Elis\u00ada\u00adbeth av B\u00f6h\u00admen<\/a>.<\/em><\/p>\n\n\n<ul class=\"simpletoc-list\">\n<li><a href=\"#exphil-pensumet\">Kort om Exphil-pen\u00adsumet<\/a>\n\n<\/li>\n<li><a href=\"#essays-til-exphileksamen\">Essays til Exphil-eksamen<\/a>\n\n<\/li>\n<li><a href=\"#laeringsmal\">L\u00e6ringsm\u00e5l<\/a>\n\n<\/li>\n<li><a href=\"#sok-og-typologi\">S\u00f8k og typolo\u00adgi<\/a>\n\n<\/li>\n<li><a href=\"#filosofiske-essays-brukerveiledning\">Filosofiske essays: bruk\u00ader\u00adveiled\u00adning<\/a>\n<\/li><\/ul>\n\n<h2 class=\"wp-block-heading\" id=\"exphil-pensumet\"><em>Kort om Exphil-pensumet<\/em><\/h2>\n\n\n<p>Pen\u00adsumet er delt inn i tre hov\u00aded\u00addel\u00ader: <em>\u2019Vite, V\u00e6re, Gj\u00f8re\u2019<\/em>. Den f\u00f8rste omhan\u00addler tenkn\u00ading eller teori rundt erk\u00adjen\u00adnelse, begrun\u00adnelse og kunnskap \u2013 det vil si <em>epis\u00adte\u00admolo\u00adgi<\/em>. Den andre omhan\u00addler tin\u00adgens natur og deres virke\u00adlighet, eller <em>ontolo\u00adgi<\/em>. Til slutt omhan\u00addler den tred\u00adje han\u00addling og moral, eller <em>etikk<\/em>, som definer\u00ader hva han\u00addling b\u00f8r v\u00e6re.<\/p>\n\n\n\n<p><em>Hver av disse delene er inndelt i kapitler, og hvert kapit\u00adtel kretser rundt ett eller flere sen\u00adtrale begreper. \u00c5 kunne h\u00e5ndtere disse begrepene med let\u00adthet gj\u00f8r det mulig \u00e5 l\u00f8se eksamen\u00adsopp\u00adgaver med finesse.<\/em><\/p>\n\n\n\n<p>De <em>\u2019filosofiske essayene<\/em>\u2019 omfat\u00adter for\u00adfat\u00adterne, tek\u00adstene og begrepene p\u00e5 Exphil-pen\u00adsum. De gir ogs\u00e5 alle som inter\u00adesser\u00ader seg for filosofi et innblikk i hjertet av de essen\u00adsielle kon\u00adseptene og klas\u00adsiske tek\u00adstene innen de tre store filosofiske disi\u00adplinene: etikk, epis\u00adte\u00admolo\u00adgi og metafysikk.<\/p>\n\n\n\n<p><em>Finn ut mer om pen\u00adsumet og effek\u00adtive l\u00e6ringsme\u00adtoder i <a href=\"https:\/\/exphilnerd.com\/index.php\/eksamensguider\/\">studieguidene<\/a> v\u00e5re.<\/em><\/p>\n\n\n<h2 class=\"wp-block-heading\" id=\"essays-til-exphileksamen\"><em>Essays til Exphil-eksamen<\/em><\/h2>\n\n\n<p>Enten det er i sem\u00adi\u00adnar\u00advari\u00adanten eller selvs\u00adtudi\u00adumsvari\u00adanten, best\u00e5r eksamen av et sett med sp\u00f8rsm\u00e5l eller diskusjon\u00adsopp\u00adgaver om temaer fra pen\u00adsum. Sem\u00adi\u00adnar\u00advari\u00adanten inneb\u00e6r\u00ader skriv\u00ading av flere hjem\u00admeopp\u00adgaver om gitte temaer, etter\u00adful\u00adgt av en tids\u00adbe\u00adgrenset skoleek\u00adsamen med en rekke sp\u00f8rsm\u00e5l. I selvs\u00adtudi\u00adumsvari\u00adanten best\u00e5r den avs\u00adlut\u00adtende eksame\u00adnen kun av en slik skoleek\u00adsamen.<\/p>\n\n\n\n<p>Hvert <em>\u2019filosofisk essay\u2019<\/em> som pre\u00adsen\u00adteres i denne sek\u00adsjo\u00adnen kan der\u00adfor betrak\u00adtes som et svar p\u00e5 et eksamenssp\u00f8rsm\u00e5l \u2013 enten det dreier seg om en dr\u00f8ft\u00ading\u00adsopp\u00adgave til hjem\u00admeessay i sem\u00adi\u00adnar\u00advari\u00adanten, eller et av sp\u00f8rsm\u00e5\u00adlene som gis p\u00e5 en tids\u00adbe\u00adgrenset skoleek\u00adsamen i en av de to vari\u00adantene.<\/p>\n\n\n\n<p>Legg merke til at selve eksamen\u00adsopp\u00adgaven gjerne angir s\u00e6rskilte ram\u00admer, for eksem\u00adpel et min\u00adi\u00admums- eller ideelt antall ord. Disse m\u00e5 f\u00f8lges n\u00f8ye, og essayene som pre\u00adsen\u00adteres her ville der\u00adfor m\u00e5tte tilpass\u00ades deretter for \u00e5 v\u00e6re gode kan\u00addi\u00addater til en sterk besvarelse av den gitte opp\u00adgaven.<\/p>\n\n\n\n<p>\u00c5 mestre en eksamen\u00adsopp\u00adgave krev\u00ader mer enn \u00e5 forst\u00e5 pen\u00adsum \u2013 det krev\u00ader evnen til \u00e5 struk\u00adturere, argu\u00admentere og formi\u00addle under press. \u00c5 arbei\u00adde med skrivestilen baner vei for en topp\u00adkarak\u00adter.<\/p>\n\n\n<h2 class=\"wp-block-heading\" id=\"laeringsmal\"><em>L\u00e6ringsm\u00e5l<\/em><\/h2>\n\n\n<p>Intel\u00adli\u00adgent studi\u00adum av arkivet gj\u00f8r det mulig \u00e5 forbedre<\/p>\n\n\n\n<ul class=\"wp-block-list\">\n<li>mestrin\u00adgen av for\u00adfat\u00adterne, tek\u00adstene og begrepene i pen\u00adsum, forst\u00e5elsen av pro\u00adgram\u00admets struk\u00adtur, dialo\u00adgen mel\u00adlom for\u00adfat\u00adterne og tek\u00adstene \u2014 og f\u00f8l\u00adgelig, mestrin\u00adgen av sen\u00adtrale sp\u00f8rsm\u00e5l, for\u00adfat\u00adtere og tek\u00adster innen de tre store filosofiske omr\u00e5\u00addene: etikk, metafysikk og epis\u00adte\u00admolo\u00adgi<\/li>\n\n\n\n<li>skrivin\u00adgen av filosofiske essay\u00ader, stil og form, ram\u00admev\u00aderk og sub\u00adstans, frem\u00addrift og organ\u00adis\u00ader\u00ading av ideene, refer\u00adanser og ele\u00adgant inn\u00adf\u00f8y\u00ading av sitater<\/li>\n\n\n\n<li>evnen til \u00e5 analy\u00adsere i detalj argu\u00admen\u00adtasjo\u00adnen til en for\u00adfat\u00adter og en tekst<\/li>\n\n\n\n<li>evnen til \u00e5 argu\u00admentere og ta still\u00ading for eller imot en tese<\/li>\n<\/ul>\n\n\n\n<p>Noen essay\u00ader er dristige og tilbyr deg en over\u00adflod av refer\u00adanser til ytterligere bib\u00adli\u00adografi og reflek\u00adsjons\u00adbaner, for \u00e5 lykkes i Exphil eller for \u00e5 mette din nys\u00adg\u00adjer\u00adrighet.<\/p>\n\n\n<h2 class=\"wp-block-heading\" id=\"sok-og-typologi\"><em>S\u00f8k og typologi<\/em><\/h2>\n\n\n<p>Du vil finne essayene klas\u00adsi\u00adfis\u00adert etter for\u00adfat\u00adtere og etter filosofisk omr\u00e5de \u2014 Etikk, Epis\u00adte\u00admolo\u00adgi eller Metafysikk. Du vil ogs\u00e5 finne dem klas\u00adsi\u00adfis\u00adert etter kat\u00ade\u00adgori\u00ader \u2014 selv om i virke\u00adligheten diko\u00adtomien <em>\u2019fordyp\u00adn\u00adingses\u00adsays\u2019<\/em> eller <em>\u2019stud\u00adiesp\u00f8rsm\u00e5l\u2019<\/em> er noe foren\u00adklende: essayene strekker seg heller langs et spek\u00adter av lengde, dybde og til og med stil. Noen er stilis\u00adtisk mer sofistik\u00aderte, andre mer skolemes\u00adsige. Noen tar for seg et pre\u00adsist argu\u00adment fra en for\u00adfat\u00adter, andre dekker med store skritt flere tek\u00adster fra pen\u00adsum. Noen begrenser seg til pen\u00adsumet og andre \u00e5pn\u00ader opp for tall\u00adrike refer\u00adanser utover. Denne vari\u00adasjo\u00adnen avs\u00adl\u00f8r\u00ader f\u00f8rst og fremst deres h\u00e5nd\u00adverksmes\u00adsige karak\u00adter. Pro\u00adduk\u00adter som sam\u00adles p\u00e5 l\u00f8pende b\u00e5nd er alle n\u00f8yak\u00adtig iden\u00adtiske. Den gjen\u00adspeil\u00ader ogs\u00e5 et ped\u00ada\u00adgogisk m\u00e5l: den eksponer\u00ader stu\u00adden\u00adtene for et utvalg av essays med merk\u00adbart forskjel\u00adlig utform\u00ading og tilbyr flere inn\u00adfallsvin\u00adkler, flere dyb\u00addeniv\u00e5er for \u00e5 tiln\u00e6rme seg et begrep, en tekst eller en for\u00adfat\u00adter.<\/p>\n\n\n\n<p>For \u00e5 foren\u00adkle ditt valg av essay\u00ader under\u00adveis i studi\u00adet, kaller vi der\u00adfor <em>\u2019fordyp\u00adn\u00adingses\u00adsays\u2019<\/em> de mest dypt\u00adg\u00e5ende essayene, de rikeste p\u00e5 refer\u00adanser til andre tek\u00adster og for\u00adfat\u00adtere, de mest even\u00adtyrlige i reflek\u00adsjo\u00adnen eller i \u00e5 ta par\u00adti. Vi kaller <em>\u2019stud\u00adiesp\u00f8rsm\u00e5l\u2019<\/em> essayene som lig\u00adger n\u00e6rmere en bestemt tekst eller et bestemt argu\u00adment.<br><br>Essayene som svar\u00ader p\u00e5 <em>ekte opp\u00adgaver<\/em> fra eksamen\u00adsan\u00adna\u00adlene klas\u00adsi\u00adfis\u00aderes som <em>\u2019fordyp\u00adn\u00adingses\u00adsays\u2019<\/em>. Et eksem\u00adpel p\u00e5 \u2019<em>stud\u00adiesp\u00f8rsm\u00e5l<\/em>\u2019 er sp\u00f8rsm\u00e5l som omhan\u00addler en enkelt tekst fra pen\u00adsum og som stilles i slut\u00adten av et kapit\u00adtel.<\/p>\n\n\n<h2 class=\"wp-block-heading\" id=\"filosofiske-essays-brukerveiledning\"><em>Filosofiske essays: brukerveiledning<\/em><\/h2>\n\n\n<p>Du har net\u00adtopp lest en pen\u00adsumtekst grundig og tatt notater.<br><br>(For grundi\u00adge r\u00e5d om hvor\u00addan du for\u00adbered\u00ader deg til Exphil, se v\u00e5re <a href=\"https:\/\/exphilnerd.com\/index.php\/eksamensguider\/\">Eksamensguider<\/a>.)<\/p>\n\n\n\n<p>N\u00e5 m\u00e5 du arbei\u00adde med reflek\u00adsjon rundt begrepet eller begrepene kapit\u00adtelet tar for seg.  Essayene er organ\u00adis\u00adert etter for\u00adfat\u00adtere, fagom\u00adr\u00e5de (etikk, metafysikk, epis\u00adte\u00admolo\u00adgi) og kat\u00ade\u00adgori. Finn essayene som relater\u00ader seg til tek\u00adsten du har lest. <em>\u2019Fordyp\u00adn\u00adingses\u00adsayene\u2019<\/em> er mer dypt\u00adg\u00e5ende,<em>\u2019stud\u00adiesp\u00f8rsm\u00e5l\u2019<\/em>-essayene er kor\u00adtere og lig\u00adger n\u00e6rmere pen\u00adsum.<\/p>\n\n\n\n<p><em>I mask\u00adinenes tid\u00adsalder er det vik\u00adtig \u00e5 trene opp sine egne, men\u00adneske\u00adlige evn\u00ader til tenkn\u00ading og uttrykk. <\/em>Bruk de filosofiske essayene som et spring\u00adbrett: start med \u00e5 lese intro\u00adduk\u00adsjo\u00adnen. Her pre\u00adsen\u00adteres prob\u00adlem\u00adstill\u00adin\u00adgen. Ta penn og papir, og organ\u00adis\u00adere ideer i form av raske, struk\u00adtur\u00aderte notater. G\u00e5 gjen\u00adnom det aktuelle kapit\u00adtelet p\u00e5 nytt, og let i pen\u00adsumtek\u00adstene etter pas\u00adsas\u00adjer som under\u00adbyg\u00adger dine ideer. Opp\u00adsum\u00admer dem eller skriv av noen sitater som ser bra ut. N\u00e5r denne skissen til et svar er klar, fordyp deg i essayet.<\/p>\n\n\n\n<p>Rett opp\u00admerk\u00adsomheten b\u00e5de mot innhold\u00adet \u2013 ideene som l\u00f8ftes frem og frem\u00addriften i reson\u00adnementet \u2013 og for\u00admen: stilen, inndelin\u00adgen i avs\u00adnitt, og m\u00e5ten sitater flettes inn p\u00e5. Forskjel\u00adlene mel\u00adlom din skisse og essayets frem\u00adgangsm\u00e5te b\u00f8r f\u00e5 deg til \u00e5 reflek\u00adtere: Har du \u00e5pen\u00adbart glemt \u00e5 nevne vik\u00adtige punk\u00adter? Har du organ\u00adis\u00adert ideene annerledes? Kan du rev\u00adidere utkastet ditt ved \u00e5 inte\u00adgrere ute\u00adlat\u00adte ideer eller endre struk\u00adturen? Hvis du har tid, pr\u00f8v \u00e5 forbedre det i lys av det fores\u00adl\u00e5tte svaret.<\/p>\n\n\n\n<p>V\u00e5re essays er kun forslag til svar; du kan gj\u00f8re det utmer\u00adket med en helt annen besvarelse. Men vi pre\u00adsen\u00adter\u00ader hver gang en frem\u00adgangsm\u00e5te <em>\u2019som fun\u00adger\u00ader\u2019<\/em>.<\/p>\n\n\n\n<p><em>Lykke til!<\/em><\/p>\n","protected":false},"excerpt":{"rendered":"<p>Sek\u00adsjo\u00adnen \u00abfilosofiske tek\u00adster\u00bb tilbyr dypt\u00adg\u00e5ende l\u00e6re\u00adma\u00adteriell for Exphil, som hjelper stu\u00adden\u00adter \u00e5 forst\u00e5 filosofiske begreper og for\u00adberede seg p\u00e5 eksamen. \u00abEksamen\u00adsopp\u00adgaver\u00bb innehold\u00ader essays om tidligere og poten\u00adsielle eksamenssp\u00f8rsm\u00e5l, mens \u00abStud\u00adiesp\u00f8rsm\u00e5l\u00bb pre\u00adsen\u00adter\u00ader korte essays som adresser\u00ader spe\u00adsi\u00adfikke kapitler i pen\u00adsum.<\/p>\n","protected":false},"author":1,"featured_media":115,"parent":0,"menu_order":0,"comment_status":"closed","ping_status":"closed","template":"","meta":{"wp_typography_post_enhancements_disabled":false,"iawp_total_views":14,"footnotes":""},"class_list":["post-96","page","type-page","status-publish","has-post-thumbnail","hentry"],"yoast_head":"<!-- This site is optimized with the Yoast SEO plugin v26.6 - https:\/\/yoast.com\/wordpress\/plugins\/seo\/ -->\n<title>Om \u00abFilosofiske essays\u00bb - Exphilnerd<\/title>\n<meta name=\"robots\" content=\"index, follow, max-snippet:-1, max-image-preview:large, max-video-preview:-1\" \/>\n<link rel=\"canonical\" href=\"https:\/\/exphilnerd.com\/index.php\/exphilnerd-exphil-om-filosofiske-tekster\/\" \/>\n<meta property=\"og:locale\" content=\"nb_NO\" \/>\n<meta property=\"og:type\" content=\"article\" \/>\n<meta property=\"og:title\" content=\"Om \u00abFilosofiske essays\u00bb - Exphilnerd\" \/>\n<meta property=\"og:description\" content=\"Seksjonen \u00abfilosofiske tekster\u00bb tilbyr dyptg\u00e5ende l\u00e6remateriell for Exphil, som hjelper studenter \u00e5 forst\u00e5 filosofiske begreper og forberede seg p\u00e5 eksamen. \u00abEksamensoppgaver\u00bb inneholder essays om tidligere og potensielle eksamenssp\u00f8rsm\u00e5l, mens \u00abStudiesp\u00f8rsm\u00e5l\u00bb presenterer korte essays som adresserer spesifikke kapitler i pensum.\" \/>\n<meta property=\"og:url\" content=\"https:\/\/exphilnerd.com\/index.php\/exphilnerd-exphil-om-filosofiske-tekster\/\" \/>\n<meta property=\"og:site_name\" content=\"Exphilnerd\" \/>\n<meta property=\"article:modified_time\" content=\"2025-12-30T17:21:15+00:00\" \/>\n<meta property=\"og:image\" content=\"https:\/\/exphilnerd.com\/wp-content\/uploads\/2025\/12\/michelangelo_-_a_l_arm_and_shoulder_sharply_bent._c._1530_18590514.819-edited.jpeg\" \/>\n\t<meta property=\"og:image:width\" content=\"501\" \/>\n\t<meta property=\"og:image:height\" content=\"890\" \/>\n\t<meta property=\"og:image:type\" content=\"image\/jpeg\" \/>\n<meta name=\"twitter:card\" content=\"summary_large_image\" \/>\n<meta name=\"twitter:label1\" content=\"Ansl. lesetid\" \/>\n\t<meta name=\"twitter:data1\" content=\"6 minutter\" \/>\n<script type=\"application\/ld+json\" class=\"yoast-schema-graph\">{\"@context\":\"https:\/\/schema.org\",\"@graph\":[{\"@type\":\"WebPage\",\"@id\":\"https:\/\/exphilnerd.com\/index.php\/exphilnerd-exphil-om-filosofiske-tekster\/\",\"url\":\"https:\/\/exphilnerd.com\/index.php\/exphilnerd-exphil-om-filosofiske-tekster\/\",\"name\":\"Om \u00abFilosofiske essays\u00bb - Exphilnerd\",\"isPartOf\":{\"@id\":\"https:\/\/exphilnerd.com\/#website\"},\"primaryImageOfPage\":{\"@id\":\"https:\/\/exphilnerd.com\/index.php\/exphilnerd-exphil-om-filosofiske-tekster\/#primaryimage\"},\"image\":{\"@id\":\"https:\/\/exphilnerd.com\/index.php\/exphilnerd-exphil-om-filosofiske-tekster\/#primaryimage\"},\"thumbnailUrl\":\"https:\/\/exphilnerd.com\/wp-content\/uploads\/2025\/12\/michelangelo_-_a_l_arm_and_shoulder_sharply_bent._c._1530_18590514.819-edited.jpeg\",\"datePublished\":\"2025-12-16T14:28:17+00:00\",\"dateModified\":\"2025-12-30T17:21:15+00:00\",\"breadcrumb\":{\"@id\":\"https:\/\/exphilnerd.com\/index.php\/exphilnerd-exphil-om-filosofiske-tekster\/#breadcrumb\"},\"inLanguage\":\"nb-NO\",\"potentialAction\":[{\"@type\":\"ReadAction\",\"target\":[\"https:\/\/exphilnerd.com\/index.php\/exphilnerd-exphil-om-filosofiske-tekster\/\"]}]},{\"@type\":\"ImageObject\",\"inLanguage\":\"nb-NO\",\"@id\":\"https:\/\/exphilnerd.com\/index.php\/exphilnerd-exphil-om-filosofiske-tekster\/#primaryimage\",\"url\":\"https:\/\/exphilnerd.com\/wp-content\/uploads\/2025\/12\/michelangelo_-_a_l_arm_and_shoulder_sharply_bent._c._1530_18590514.819-edited.jpeg\",\"contentUrl\":\"https:\/\/exphilnerd.com\/wp-content\/uploads\/2025\/12\/michelangelo_-_a_l_arm_and_shoulder_sharply_bent._c._1530_18590514.819-edited.jpeg\",\"width\":501,\"height\":890},{\"@type\":\"BreadcrumbList\",\"@id\":\"https:\/\/exphilnerd.com\/index.php\/exphilnerd-exphil-om-filosofiske-tekster\/#breadcrumb\",\"itemListElement\":[{\"@type\":\"ListItem\",\"position\":1,\"name\":\"Hjem\",\"item\":\"https:\/\/exphilnerd.com\/\"},{\"@type\":\"ListItem\",\"position\":2,\"name\":\"Om \u00abFilosofiske essays\u00bb\"}]},{\"@type\":\"WebSite\",\"@id\":\"https:\/\/exphilnerd.com\/#website\",\"url\":\"https:\/\/exphilnerd.com\/\",\"name\":\"Exphilnerd\",\"description\":\"\",\"publisher\":{\"@id\":\"https:\/\/exphilnerd.com\/#organization\"},\"potentialAction\":[{\"@type\":\"SearchAction\",\"target\":{\"@type\":\"EntryPoint\",\"urlTemplate\":\"https:\/\/exphilnerd.com\/?s={search_term_string}\"},\"query-input\":{\"@type\":\"PropertyValueSpecification\",\"valueRequired\":true,\"valueName\":\"search_term_string\"}}],\"inLanguage\":\"nb-NO\"},{\"@type\":\"Organization\",\"@id\":\"https:\/\/exphilnerd.com\/#organization\",\"name\":\"Exphilnerd\",\"url\":\"https:\/\/exphilnerd.com\/\",\"logo\":{\"@type\":\"ImageObject\",\"inLanguage\":\"nb-NO\",\"@id\":\"https:\/\/exphilnerd.com\/#\/schema\/logo\/image\/\",\"url\":\"https:\/\/exphilnerd.com\/wp-content\/uploads\/2025\/12\/Ehret-Methodus_Plantarum_Sexualis-1-scaled.jpeg\",\"contentUrl\":\"https:\/\/exphilnerd.com\/wp-content\/uploads\/2025\/12\/Ehret-Methodus_Plantarum_Sexualis-1-scaled.jpeg\",\"width\":1831,\"height\":2560,\"caption\":\"Exphilnerd\"},\"image\":{\"@id\":\"https:\/\/exphilnerd.com\/#\/schema\/logo\/image\/\"}}]}<\/script>\n<!-- \/ Yoast SEO plugin. -->","yoast_head_json":{"title":"Om \u00abFilosofiske essays\u00bb - Exphilnerd","robots":{"index":"index","follow":"follow","max-snippet":"max-snippet:-1","max-image-preview":"max-image-preview:large","max-video-preview":"max-video-preview:-1"},"canonical":"https:\/\/exphilnerd.com\/index.php\/exphilnerd-exphil-om-filosofiske-tekster\/","og_locale":"nb_NO","og_type":"article","og_title":"Om \u00abFilosofiske essays\u00bb - Exphilnerd","og_description":"Seksjonen \u00abfilosofiske tekster\u00bb tilbyr dyptg\u00e5ende l\u00e6remateriell for Exphil, som hjelper studenter \u00e5 forst\u00e5 filosofiske begreper og forberede seg p\u00e5 eksamen. \u00abEksamensoppgaver\u00bb inneholder essays om tidligere og potensielle eksamenssp\u00f8rsm\u00e5l, mens \u00abStudiesp\u00f8rsm\u00e5l\u00bb presenterer korte essays som adresserer spesifikke kapitler i pensum.","og_url":"https:\/\/exphilnerd.com\/index.php\/exphilnerd-exphil-om-filosofiske-tekster\/","og_site_name":"Exphilnerd","article_modified_time":"2025-12-30T17:21:15+00:00","og_image":[{"width":501,"height":890,"url":"https:\/\/exphilnerd.com\/wp-content\/uploads\/2025\/12\/michelangelo_-_a_l_arm_and_shoulder_sharply_bent._c._1530_18590514.819-edited.jpeg","type":"image\/jpeg"}],"twitter_card":"summary_large_image","twitter_misc":{"Ansl. lesetid":"6 minutter"},"schema":{"@context":"https:\/\/schema.org","@graph":[{"@type":"WebPage","@id":"https:\/\/exphilnerd.com\/index.php\/exphilnerd-exphil-om-filosofiske-tekster\/","url":"https:\/\/exphilnerd.com\/index.php\/exphilnerd-exphil-om-filosofiske-tekster\/","name":"Om \u00abFilosofiske essays\u00bb - Exphilnerd","isPartOf":{"@id":"https:\/\/exphilnerd.com\/#website"},"primaryImageOfPage":{"@id":"https:\/\/exphilnerd.com\/index.php\/exphilnerd-exphil-om-filosofiske-tekster\/#primaryimage"},"image":{"@id":"https:\/\/exphilnerd.com\/index.php\/exphilnerd-exphil-om-filosofiske-tekster\/#primaryimage"},"thumbnailUrl":"https:\/\/exphilnerd.com\/wp-content\/uploads\/2025\/12\/michelangelo_-_a_l_arm_and_shoulder_sharply_bent._c._1530_18590514.819-edited.jpeg","datePublished":"2025-12-16T14:28:17+00:00","dateModified":"2025-12-30T17:21:15+00:00","breadcrumb":{"@id":"https:\/\/exphilnerd.com\/index.php\/exphilnerd-exphil-om-filosofiske-tekster\/#breadcrumb"},"inLanguage":"nb-NO","potentialAction":[{"@type":"ReadAction","target":["https:\/\/exphilnerd.com\/index.php\/exphilnerd-exphil-om-filosofiske-tekster\/"]}]},{"@type":"ImageObject","inLanguage":"nb-NO","@id":"https:\/\/exphilnerd.com\/index.php\/exphilnerd-exphil-om-filosofiske-tekster\/#primaryimage","url":"https:\/\/exphilnerd.com\/wp-content\/uploads\/2025\/12\/michelangelo_-_a_l_arm_and_shoulder_sharply_bent._c._1530_18590514.819-edited.jpeg","contentUrl":"https:\/\/exphilnerd.com\/wp-content\/uploads\/2025\/12\/michelangelo_-_a_l_arm_and_shoulder_sharply_bent._c._1530_18590514.819-edited.jpeg","width":501,"height":890},{"@type":"BreadcrumbList","@id":"https:\/\/exphilnerd.com\/index.php\/exphilnerd-exphil-om-filosofiske-tekster\/#breadcrumb","itemListElement":[{"@type":"ListItem","position":1,"name":"Hjem","item":"https:\/\/exphilnerd.com\/"},{"@type":"ListItem","position":2,"name":"Om \u00abFilosofiske essays\u00bb"}]},{"@type":"WebSite","@id":"https:\/\/exphilnerd.com\/#website","url":"https:\/\/exphilnerd.com\/","name":"Exphilnerd","description":"","publisher":{"@id":"https:\/\/exphilnerd.com\/#organization"},"potentialAction":[{"@type":"SearchAction","target":{"@type":"EntryPoint","urlTemplate":"https:\/\/exphilnerd.com\/?s={search_term_string}"},"query-input":{"@type":"PropertyValueSpecification","valueRequired":true,"valueName":"search_term_string"}}],"inLanguage":"nb-NO"},{"@type":"Organization","@id":"https:\/\/exphilnerd.com\/#organization","name":"Exphilnerd","url":"https:\/\/exphilnerd.com\/","logo":{"@type":"ImageObject","inLanguage":"nb-NO","@id":"https:\/\/exphilnerd.com\/#\/schema\/logo\/image\/","url":"https:\/\/exphilnerd.com\/wp-content\/uploads\/2025\/12\/Ehret-Methodus_Plantarum_Sexualis-1-scaled.jpeg","contentUrl":"https:\/\/exphilnerd.com\/wp-content\/uploads\/2025\/12\/Ehret-Methodus_Plantarum_Sexualis-1-scaled.jpeg","width":1831,"height":2560,"caption":"Exphilnerd"},"image":{"@id":"https:\/\/exphilnerd.com\/#\/schema\/logo\/image\/"}}]}},"_hostinger_reach_plugin_has_subscription_block":false,"_hostinger_reach_plugin_is_elementor":false,"jetpack_sharing_enabled":true,"_links":{"self":[{"href":"https:\/\/exphilnerd.com\/index.php\/wp-json\/wp\/v2\/pages\/96","targetHints":{"allow":["GET"]}}],"collection":[{"href":"https:\/\/exphilnerd.com\/index.php\/wp-json\/wp\/v2\/pages"}],"about":[{"href":"https:\/\/exphilnerd.com\/index.php\/wp-json\/wp\/v2\/types\/page"}],"author":[{"embeddable":true,"href":"https:\/\/exphilnerd.com\/index.php\/wp-json\/wp\/v2\/users\/1"}],"replies":[{"embeddable":true,"href":"https:\/\/exphilnerd.com\/index.php\/wp-json\/wp\/v2\/comments?post=96"}],"version-history":[{"count":24,"href":"https:\/\/exphilnerd.com\/index.php\/wp-json\/wp\/v2\/pages\/96\/revisions"}],"predecessor-version":[{"id":181131857,"href":"https:\/\/exphilnerd.com\/index.php\/wp-json\/wp\/v2\/pages\/96\/revisions\/181131857"}],"wp:featuredmedia":[{"embeddable":true,"href":"https:\/\/exphilnerd.com\/index.php\/wp-json\/wp\/v2\/media\/115"}],"wp:attachment":[{"href":"https:\/\/exphilnerd.com\/index.php\/wp-json\/wp\/v2\/media?parent=96"}],"curies":[{"name":"wp","href":"https:\/\/api.w.org\/{rel}","templated":true}]}}