{"id":181131634,"date":"2025-12-21T13:25:29","date_gmt":"2025-12-21T12:25:29","guid":{"rendered":"https:\/\/wheat-dogfish-490485.hostingersite.com\/?page_id=181131634"},"modified":"2025-12-21T14:57:52","modified_gmt":"2025-12-21T13:57:52","slug":"les-videre","status":"publish","type":"page","link":"https:\/\/exphilnerd.com\/index.php\/les-videre\/","title":{"rendered":"Les videre"},"content":{"rendered":"\n<div style=\"height:60px\" aria-hidden=\"true\" class=\"wp-block-spacer\"><\/div>\n\n\n\n<div class=\"wp-block-group has-eb-garamond-font-family has-global-padding is-layout-constrained wp-block-group-is-layout-constrained\" style=\"font-size:clamp(14px, 0.875rem + ((1vw - 3.2px) * 0.588), 20px);font-style:italic;font-weight:400\">\n<p>Neden\u00adfor finner du lesetips som utvider og utdyper hvert begrep i pen\u00adsum. <\/p>\n\n\n\n<hr class=\"wp-block-separator has-alpha-channel-opacity\">\n\n\n\n<p class=\"is-style-text-subtitle is-style-text-subtitle--1\"><strong>Hvor\u00adfor lese mer?<\/strong><\/p>\n\n\n\n<p>Du er kan\u00adskje allerede en \u00abfilosofi-nerd\u00bb. I s\u00e5 fall vil du glede deg over \u00e5 finne en virvelvind av fordyp\u00adn\u00adingsmu\u00adligheter her. Hvis du er nyb\u00adeg\u00adyn\u00adner, er her noen ord for \u00e5 over\u00adbe\u00advise deg om \u00e5 g\u00e5 dypere. \u00c5 lese filosofiske tek\u00adster generelt er dan\u00adnende og givende, og \u00e5 lese seg opp p\u00e5 temaene i pen\u00adsum gir bedre forst\u00e5else av begrepene og kan l\u00f8fte eksamens\u00adbesvarelsen din.<\/p>\n\n\n\n<p>F\u00f8rst og fremst tren\u00ader lesing, og spe\u00adsielt lesing av filosofisk lit\u00adter\u00adatur, opp evnen din til \u00e5 pros\u00adessere kom\u00adplekse skriftlige tek\u00adster. Ved \u00e5 \u00f8ke lese\u00admeng\u00adden vil tek\u00adstene i pen\u00adsum frem\u00adst\u00e5 som enklere \u00e5 begripe: Du har rett og slett utviklet \u00abspr\u00e5k- og forst\u00e5else\u00adsh\u00adjer\u00adnen\u00bb din. Litt som et bes\u00f8k p\u00e5 <strong>tren\u00adingssen\u00adteret<\/strong> \u2013 for ved\u00adlike\u00adhold\u00adet av dine kog\u00adni\u00adtive evn\u00ader. Mer pre\u00adsist er det analy\u00adseev\u00adnen som her trenes opp: \u00e5 dis\u00adsekere en krevende tekst i enkle, ele\u00admen\u00adt\u00e6re biter og n\u00f8kke\u00adlideer, og se reson\u00adnementets struk\u00adtur tre frem. Denne evnen vil komme til nytte i Exphil, men selvsagt ogs\u00e5 i ditt eget fagfelt, enten det er innen human\u00adio\u00adra eller realfag.<\/p>\n\n\n\n<figure class=\"wp-block-image\"><a class=\"image-link image2 is-viewable-img can-restack\" href=\"https:\/\/substackcdn.com\/image\/fetch\/$s_!bqw1!,f_auto,q_auto:good,fl_progressive:steep\/https%3A%2F%2Fsubstack-post-media.s3.amazonaws.com%2Fpublic%2Fimages%2F2491a5a4-4a24-4a3b-abf6-91ad8a4c3796_800x531.jpeg\" target=\"_blank\" rel=\"noreferrer noopener\"><img decoding=\"async\" src=\"https:\/\/substackcdn.com\/image\/fetch\/$s_!bqw1!,w_1456,c_limit,f_auto,q_auto:good,fl_progressive:steep\/https%3A%2F%2Fsubstack-post-media.s3.amazonaws.com%2Fpublic%2Fimages%2F2491a5a4-4a24-4a3b-abf6-91ad8a4c3796_800x531.jpeg\" alt><\/a><figcaption class=\"wp-element-caption\">Gus\u00adtav Nys\u00adtr\u00f6m, Facade of the Rotun\u00adda, Nation\u00adal Library of Fin\u00adland, 1904<\/figcaption><\/figure>\n\n\n\n<p>\u00c5 lese slike tek\u00adster styrk\u00ader ogs\u00e5 din kri\u00adtiske sans \u2013 husk det f\u00f8rste temaet i pen\u00adsum: \u00e5 tenke selvs\u00adtendig. Kri\u00adtisk tenkn\u00ading er kan\u00adskje til syvende og sist filosofiens hov\u00ade\u00addopp\u00addrag. Den stiller sp\u00f8rsm\u00e5l ved det hverda\u00adgen tar for gitt, og trenger inn i kjer\u00adnen av begrepene for \u00e5 forst\u00e5 tin\u00adge\u00adnes natur eller foreskrive en han\u00addlem\u00e5te.<\/p>\n\n\n\n<p>Til slutt er det givende \u00e5 lese filosofisk lit\u00adter\u00adatur: F\u00f8lelsen av \u00e5 ha klart \u00e5 dekode et kom\u00adplekst reson\u00adnement gir stor til\u00adfredsstil\u00adlelse. Gjen\u00adnom lesin\u00adgen rekon\u00adstruer\u00ader du det store bildet av men\u00adneske\u00e5n\u00addens utvikling fra antikken til i dag, og kan\u00adskje blir du ogs\u00e5 en \u00abfilosofi-nerd\u00bb.<\/p>\n\n\n\n<p>Videre vil det \u00e5 lese seg opp p\u00e5 begrepene i pen\u00adsum katal\u00ady\u00adsere samensfor\u00adbere\u00addelsene dine mer direk\u00adte: Du forbedr\u00ader mestrin\u00adgen av begrepene ved \u00e5 utforske dem fra andre vin\u00adkler, og du kan sam\u00adle refer\u00adanser og sitater som vil l\u00f8fte essaybesvarelsene dine. Du kan selvsagt best\u00e5 Exphil uten \u00e5 sitere kilder uten\u00adfor pen\u00adsum, men hvis du vil utmerke deg, anbe\u00adfales det \u00e5 utvide til\u00adfanget av refer\u00adanser og sitater.<\/p>\n<\/div>\n\n\n\n<hr class=\"wp-block-separator has-alpha-channel-opacity\">\n\n\n\n<div style=\"height:100px\" aria-hidden=\"true\" class=\"wp-block-spacer\"><\/div>\n\n\n\n<div class=\"wp-block-query alignfull is-layout-flow wp-block-query-is-layout-flow\">\n<div class=\"wp-block-group alignfull is-layout-flow wp-block-group-is-layout-flow\" style=\"padding-top:0;padding-right:var(--wp--preset--spacing--40);padding-bottom:var(--wp--preset--spacing--40);padding-left:var(--wp--preset--spacing--40)\"><ul style=\"font-size:clamp(14px, 0.875rem + ((1vw - 3.2px) * 0.588), 20px);text-transform:none;\" class=\"alignfull wp-block-post-template has-eb-garamond-font-family is-layout-flow wp-block-post-template-is-layout-flow\"><li class=\"wp-block-post post-180872507 post type-post status-publish format-standard hentry category-videre-lesning tag-etikk\">\n\n<div class=\"wp-block-group is-layout-flow wp-container-core-group-is-layout-2f0c1fab wp-block-group-is-layout-flow\" style=\"padding-bottom:var(--wp--preset--spacing--50)\">\n\n\n<div class=\"wp-block-group has-eb-garamond-font-family is-content-justification-space-between is-nowrap is-layout-flex wp-container-core-group-is-layout-b4f66ff3 wp-block-group-is-layout-flex\" style=\"border-bottom-color:var(--wp--preset--color--contrast);border-bottom-width:4px;padding-top:var(--wp--preset--spacing--30);padding-right:0;padding-bottom:var(--wp--preset--spacing--30);padding-left:0;font-size:clamp(14px, 0.875rem + ((1vw - 3.2px) * 0.588), 20px);\"><div style=\"font-size:clamp(14px, 0.875rem + ((1vw - 3.2px) * 0.392), 18px);font-style:italic;font-weight:400\" class=\"taxonomy-post_tag wp-block-post-terms has-eb-garamond-font-family\"><a href=\"https:\/\/exphilnerd.com\/index.php\/tag\/etikk\/\" rel=\"tag\">Etikk<\/a><\/div><\/div>\n\n\n<h2 style=\"font-size:clamp(14.642px, 0.915rem + ((1vw - 3.2px) * 0.721), 22px);font-style:normal;font-weight:600;line-height:1.1; padding-top:var(--wp--preset--spacing--30);\" class=\"has-link-color wp-elements-05cc169c778b1e58176587b6794759f4 wp-block-post-title has-text-color has-contrast-color has-playfair-display-font-family\"><a href=\"https:\/\/exphilnerd.com\/index.php\/2025\/12\/07\/les-videre-om-dydsetikk\/\" target=\"_self\">Les videre om dydsetikk<\/a><\/h2><\/div>\n\n<\/li><li class=\"wp-block-post post-181017620 post type-post status-publish format-standard hentry category-videre-lesning tag-epistemologi\">\n\n<div class=\"wp-block-group is-layout-flow wp-container-core-group-is-layout-2f0c1fab wp-block-group-is-layout-flow\" style=\"padding-bottom:var(--wp--preset--spacing--50)\">\n\n\n<div class=\"wp-block-group has-eb-garamond-font-family is-content-justification-space-between is-nowrap is-layout-flex wp-container-core-group-is-layout-b4f66ff3 wp-block-group-is-layout-flex\" style=\"border-bottom-color:var(--wp--preset--color--contrast);border-bottom-width:4px;padding-top:var(--wp--preset--spacing--30);padding-right:0;padding-bottom:var(--wp--preset--spacing--30);padding-left:0;font-size:clamp(14px, 0.875rem + ((1vw - 3.2px) * 0.588), 20px);\"><div style=\"font-size:clamp(14px, 0.875rem + ((1vw - 3.2px) * 0.392), 18px);font-style:italic;font-weight:400\" class=\"taxonomy-post_tag wp-block-post-terms has-eb-garamond-font-family\"><a href=\"https:\/\/exphilnerd.com\/index.php\/tag\/epistemologi\/\" rel=\"tag\">Epis\u00adte\u00admolo\u00adgi<\/a><\/div><\/div>\n\n\n<h2 style=\"font-size:clamp(14.642px, 0.915rem + ((1vw - 3.2px) * 0.721), 22px);font-style:normal;font-weight:600;line-height:1.1; padding-top:var(--wp--preset--spacing--30);\" class=\"has-link-color wp-elements-05cc169c778b1e58176587b6794759f4 wp-block-post-title has-text-color has-contrast-color has-playfair-display-font-family\"><a href=\"https:\/\/exphilnerd.com\/index.php\/2025\/12\/08\/les-videre-om-rom-geometri-og-a-priori-kunnskap\/\" target=\"_self\">Les videre om rom, geometri og a priori kunnskap<\/a><\/h2><\/div>\n\n<\/li><\/ul><\/div>\n\n\n\n<div class=\"wp-block-group has-eb-garamond-font-family is-layout-flow wp-block-group-is-layout-flow\" style=\"margin-top:0;margin-bottom:0;padding-top:var(--wp--preset--spacing--40);padding-right:var(--wp--preset--spacing--40);padding-bottom:var(--wp--preset--spacing--40);padding-left:var(--wp--preset--spacing--40);font-size:clamp(14px, 0.875rem + ((1vw - 3.2px) * 0.196), 16px);\"><\/div>\n<\/div>\n\n\n\n\n\n<p><\/p>\n","protected":false},"excerpt":{"rendered":"<p>Sek\u00adsjo\u00adnen \u00abEksamen\u00adsopp\u00adgaver\u00bb tilbyr essays som adresser\u00ader tidligere eksamen\u00adstemaer, skrevet av A\u2011studenter i Exphil. Essayene fun\u00adger\u00ader som svar p\u00e5 eksamenssp\u00f8rsm\u00e5l og bidrar til \u00e5 utvikle skrive\u00adfer\u00addigheter og reflek\u00adsjon over pen\u00adsum.<\/p>\n","protected":false},"author":1,"featured_media":0,"parent":0,"menu_order":0,"comment_status":"closed","ping_status":"closed","template":"","meta":{"wp_typography_post_enhancements_disabled":false,"iawp_total_views":2,"footnotes":""},"class_list":["post-181131634","page","type-page","status-publish","hentry"],"yoast_head":"<!-- This site is optimized with the Yoast SEO plugin v26.6 - https:\/\/yoast.com\/wordpress\/plugins\/seo\/ -->\n<title>Les videre - Exphilnerd<\/title>\n<meta name=\"robots\" content=\"index, follow, max-snippet:-1, max-image-preview:large, max-video-preview:-1\" \/>\n<link rel=\"canonical\" href=\"https:\/\/exphilnerd.com\/index.php\/les-videre\/\" \/>\n<meta property=\"og:locale\" content=\"nb_NO\" \/>\n<meta property=\"og:type\" content=\"article\" \/>\n<meta property=\"og:title\" content=\"Les videre - Exphilnerd\" \/>\n<meta property=\"og:description\" content=\"Seksjonen \u00abEksamensoppgaver\u00bb tilbyr essays som adresserer tidligere eksamenstemaer, skrevet av A-studenter i Exphil. Essayene fungerer som svar p\u00e5 eksamenssp\u00f8rsm\u00e5l og bidrar til \u00e5 utvikle skriveferdigheter og refleksjon over pensum.\" \/>\n<meta property=\"og:url\" content=\"https:\/\/exphilnerd.com\/index.php\/les-videre\/\" \/>\n<meta property=\"og:site_name\" content=\"Exphilnerd\" \/>\n<meta property=\"article:modified_time\" content=\"2025-12-21T13:57:52+00:00\" \/>\n<meta property=\"og:image\" content=\"https:\/\/substackcdn.com\/image\/fetch\/$s_!bqw1!,w_1456,c_limit,f_auto,q_auto:good,fl_progressive:steep\/https%3A%2F%2Fsubstack-post-media.s3.amazonaws.com%2Fpublic%2Fimages%2F2491a5a4-4a24-4a3b-abf6-91ad8a4c3796_800x531.jpeg\" \/>\n<meta name=\"twitter:card\" content=\"summary_large_image\" \/>\n<meta name=\"twitter:label1\" content=\"Ansl. lesetid\" \/>\n\t<meta name=\"twitter:data1\" content=\"3 minutter\" \/>\n<script type=\"application\/ld+json\" class=\"yoast-schema-graph\">{\"@context\":\"https:\/\/schema.org\",\"@graph\":[{\"@type\":\"WebPage\",\"@id\":\"https:\/\/exphilnerd.com\/index.php\/les-videre\/\",\"url\":\"https:\/\/exphilnerd.com\/index.php\/les-videre\/\",\"name\":\"Les videre - Exphilnerd\",\"isPartOf\":{\"@id\":\"https:\/\/exphilnerd.com\/#website\"},\"primaryImageOfPage\":{\"@id\":\"https:\/\/exphilnerd.com\/index.php\/les-videre\/#primaryimage\"},\"image\":{\"@id\":\"https:\/\/exphilnerd.com\/index.php\/les-videre\/#primaryimage\"},\"thumbnailUrl\":\"https:\/\/substackcdn.com\/image\/fetch\/$s_!bqw1!,w_1456,c_limit,f_auto,q_auto:good,fl_progressive:steep\/https%3A%2F%2Fsubstack-post-media.s3.amazonaws.com%2Fpublic%2Fimages%2F2491a5a4-4a24-4a3b-abf6-91ad8a4c3796_800x531.jpeg\",\"datePublished\":\"2025-12-21T12:25:29+00:00\",\"dateModified\":\"2025-12-21T13:57:52+00:00\",\"breadcrumb\":{\"@id\":\"https:\/\/exphilnerd.com\/index.php\/les-videre\/#breadcrumb\"},\"inLanguage\":\"nb-NO\",\"potentialAction\":[{\"@type\":\"ReadAction\",\"target\":[\"https:\/\/exphilnerd.com\/index.php\/les-videre\/\"]}]},{\"@type\":\"ImageObject\",\"inLanguage\":\"nb-NO\",\"@id\":\"https:\/\/exphilnerd.com\/index.php\/les-videre\/#primaryimage\",\"url\":\"https:\/\/substackcdn.com\/image\/fetch\/$s_!bqw1!,w_1456,c_limit,f_auto,q_auto:good,fl_progressive:steep\/https%3A%2F%2Fsubstack-post-media.s3.amazonaws.com%2Fpublic%2Fimages%2F2491a5a4-4a24-4a3b-abf6-91ad8a4c3796_800x531.jpeg\",\"contentUrl\":\"https:\/\/substackcdn.com\/image\/fetch\/$s_!bqw1!,w_1456,c_limit,f_auto,q_auto:good,fl_progressive:steep\/https%3A%2F%2Fsubstack-post-media.s3.amazonaws.com%2Fpublic%2Fimages%2F2491a5a4-4a24-4a3b-abf6-91ad8a4c3796_800x531.jpeg\"},{\"@type\":\"BreadcrumbList\",\"@id\":\"https:\/\/exphilnerd.com\/index.php\/les-videre\/#breadcrumb\",\"itemListElement\":[{\"@type\":\"ListItem\",\"position\":1,\"name\":\"Hjem\",\"item\":\"https:\/\/exphilnerd.com\/\"},{\"@type\":\"ListItem\",\"position\":2,\"name\":\"Les videre\"}]},{\"@type\":\"WebSite\",\"@id\":\"https:\/\/exphilnerd.com\/#website\",\"url\":\"https:\/\/exphilnerd.com\/\",\"name\":\"Exphilnerd\",\"description\":\"\",\"publisher\":{\"@id\":\"https:\/\/exphilnerd.com\/#organization\"},\"potentialAction\":[{\"@type\":\"SearchAction\",\"target\":{\"@type\":\"EntryPoint\",\"urlTemplate\":\"https:\/\/exphilnerd.com\/?s={search_term_string}\"},\"query-input\":{\"@type\":\"PropertyValueSpecification\",\"valueRequired\":true,\"valueName\":\"search_term_string\"}}],\"inLanguage\":\"nb-NO\"},{\"@type\":\"Organization\",\"@id\":\"https:\/\/exphilnerd.com\/#organization\",\"name\":\"Exphilnerd\",\"url\":\"https:\/\/exphilnerd.com\/\",\"logo\":{\"@type\":\"ImageObject\",\"inLanguage\":\"nb-NO\",\"@id\":\"https:\/\/exphilnerd.com\/#\/schema\/logo\/image\/\",\"url\":\"https:\/\/exphilnerd.com\/wp-content\/uploads\/2025\/12\/Ehret-Methodus_Plantarum_Sexualis-1-scaled.jpeg\",\"contentUrl\":\"https:\/\/exphilnerd.com\/wp-content\/uploads\/2025\/12\/Ehret-Methodus_Plantarum_Sexualis-1-scaled.jpeg\",\"width\":1831,\"height\":2560,\"caption\":\"Exphilnerd\"},\"image\":{\"@id\":\"https:\/\/exphilnerd.com\/#\/schema\/logo\/image\/\"}}]}<\/script>\n<!-- \/ Yoast SEO plugin. -->","yoast_head_json":{"title":"Les videre - Exphilnerd","robots":{"index":"index","follow":"follow","max-snippet":"max-snippet:-1","max-image-preview":"max-image-preview:large","max-video-preview":"max-video-preview:-1"},"canonical":"https:\/\/exphilnerd.com\/index.php\/les-videre\/","og_locale":"nb_NO","og_type":"article","og_title":"Les videre - Exphilnerd","og_description":"Seksjonen \u00abEksamensoppgaver\u00bb tilbyr essays som adresserer tidligere eksamenstemaer, skrevet av A-studenter i Exphil. Essayene fungerer som svar p\u00e5 eksamenssp\u00f8rsm\u00e5l og bidrar til \u00e5 utvikle skriveferdigheter og refleksjon over pensum.","og_url":"https:\/\/exphilnerd.com\/index.php\/les-videre\/","og_site_name":"Exphilnerd","article_modified_time":"2025-12-21T13:57:52+00:00","og_image":[{"url":"https:\/\/substackcdn.com\/image\/fetch\/$s_!bqw1!,w_1456,c_limit,f_auto,q_auto:good,fl_progressive:steep\/https%3A%2F%2Fsubstack-post-media.s3.amazonaws.com%2Fpublic%2Fimages%2F2491a5a4-4a24-4a3b-abf6-91ad8a4c3796_800x531.jpeg","type":"","width":"","height":""}],"twitter_card":"summary_large_image","twitter_misc":{"Ansl. lesetid":"3 minutter"},"schema":{"@context":"https:\/\/schema.org","@graph":[{"@type":"WebPage","@id":"https:\/\/exphilnerd.com\/index.php\/les-videre\/","url":"https:\/\/exphilnerd.com\/index.php\/les-videre\/","name":"Les videre - Exphilnerd","isPartOf":{"@id":"https:\/\/exphilnerd.com\/#website"},"primaryImageOfPage":{"@id":"https:\/\/exphilnerd.com\/index.php\/les-videre\/#primaryimage"},"image":{"@id":"https:\/\/exphilnerd.com\/index.php\/les-videre\/#primaryimage"},"thumbnailUrl":"https:\/\/substackcdn.com\/image\/fetch\/$s_!bqw1!,w_1456,c_limit,f_auto,q_auto:good,fl_progressive:steep\/https%3A%2F%2Fsubstack-post-media.s3.amazonaws.com%2Fpublic%2Fimages%2F2491a5a4-4a24-4a3b-abf6-91ad8a4c3796_800x531.jpeg","datePublished":"2025-12-21T12:25:29+00:00","dateModified":"2025-12-21T13:57:52+00:00","breadcrumb":{"@id":"https:\/\/exphilnerd.com\/index.php\/les-videre\/#breadcrumb"},"inLanguage":"nb-NO","potentialAction":[{"@type":"ReadAction","target":["https:\/\/exphilnerd.com\/index.php\/les-videre\/"]}]},{"@type":"ImageObject","inLanguage":"nb-NO","@id":"https:\/\/exphilnerd.com\/index.php\/les-videre\/#primaryimage","url":"https:\/\/substackcdn.com\/image\/fetch\/$s_!bqw1!,w_1456,c_limit,f_auto,q_auto:good,fl_progressive:steep\/https%3A%2F%2Fsubstack-post-media.s3.amazonaws.com%2Fpublic%2Fimages%2F2491a5a4-4a24-4a3b-abf6-91ad8a4c3796_800x531.jpeg","contentUrl":"https:\/\/substackcdn.com\/image\/fetch\/$s_!bqw1!,w_1456,c_limit,f_auto,q_auto:good,fl_progressive:steep\/https%3A%2F%2Fsubstack-post-media.s3.amazonaws.com%2Fpublic%2Fimages%2F2491a5a4-4a24-4a3b-abf6-91ad8a4c3796_800x531.jpeg"},{"@type":"BreadcrumbList","@id":"https:\/\/exphilnerd.com\/index.php\/les-videre\/#breadcrumb","itemListElement":[{"@type":"ListItem","position":1,"name":"Hjem","item":"https:\/\/exphilnerd.com\/"},{"@type":"ListItem","position":2,"name":"Les videre"}]},{"@type":"WebSite","@id":"https:\/\/exphilnerd.com\/#website","url":"https:\/\/exphilnerd.com\/","name":"Exphilnerd","description":"","publisher":{"@id":"https:\/\/exphilnerd.com\/#organization"},"potentialAction":[{"@type":"SearchAction","target":{"@type":"EntryPoint","urlTemplate":"https:\/\/exphilnerd.com\/?s={search_term_string}"},"query-input":{"@type":"PropertyValueSpecification","valueRequired":true,"valueName":"search_term_string"}}],"inLanguage":"nb-NO"},{"@type":"Organization","@id":"https:\/\/exphilnerd.com\/#organization","name":"Exphilnerd","url":"https:\/\/exphilnerd.com\/","logo":{"@type":"ImageObject","inLanguage":"nb-NO","@id":"https:\/\/exphilnerd.com\/#\/schema\/logo\/image\/","url":"https:\/\/exphilnerd.com\/wp-content\/uploads\/2025\/12\/Ehret-Methodus_Plantarum_Sexualis-1-scaled.jpeg","contentUrl":"https:\/\/exphilnerd.com\/wp-content\/uploads\/2025\/12\/Ehret-Methodus_Plantarum_Sexualis-1-scaled.jpeg","width":1831,"height":2560,"caption":"Exphilnerd"},"image":{"@id":"https:\/\/exphilnerd.com\/#\/schema\/logo\/image\/"}}]}},"_hostinger_reach_plugin_has_subscription_block":false,"_hostinger_reach_plugin_is_elementor":false,"jetpack_sharing_enabled":true,"_links":{"self":[{"href":"https:\/\/exphilnerd.com\/index.php\/wp-json\/wp\/v2\/pages\/181131634","targetHints":{"allow":["GET"]}}],"collection":[{"href":"https:\/\/exphilnerd.com\/index.php\/wp-json\/wp\/v2\/pages"}],"about":[{"href":"https:\/\/exphilnerd.com\/index.php\/wp-json\/wp\/v2\/types\/page"}],"author":[{"embeddable":true,"href":"https:\/\/exphilnerd.com\/index.php\/wp-json\/wp\/v2\/users\/1"}],"replies":[{"embeddable":true,"href":"https:\/\/exphilnerd.com\/index.php\/wp-json\/wp\/v2\/comments?post=181131634"}],"version-history":[{"count":16,"href":"https:\/\/exphilnerd.com\/index.php\/wp-json\/wp\/v2\/pages\/181131634\/revisions"}],"predecessor-version":[{"id":181131687,"href":"https:\/\/exphilnerd.com\/index.php\/wp-json\/wp\/v2\/pages\/181131634\/revisions\/181131687"}],"wp:attachment":[{"href":"https:\/\/exphilnerd.com\/index.php\/wp-json\/wp\/v2\/media?parent=181131634"}],"curies":[{"name":"wp","href":"https:\/\/api.w.org\/{rel}","templated":true}]}}