{"id":141,"date":"2025-12-13T18:18:33","date_gmt":"2025-12-13T18:18:33","guid":{"rendered":"http:\/\/likewise878-jyclb.wordpress.com\/?page_id=1"},"modified":"2025-12-30T19:03:25","modified_gmt":"2025-12-30T18:03:25","slug":"exphilnerd-exphil-om-exphilnerd","status":"publish","type":"page","link":"https:\/\/exphilnerd.com\/index.php\/exphilnerd-exphil-om-exphilnerd\/","title":{"rendered":"Om Exphilnerd"},"content":{"rendered":"\n<div class=\"wp-block-group has-eb-garamond-font-family has-global-padding is-layout-constrained wp-block-group-is-layout-constrained\" style=\"font-size:clamp(14px, 0.875rem + ((1vw - 3.2px) * 0.588), 20px);\">\n<div style=\"height:60px\" aria-hidden=\"true\" class=\"wp-block-spacer\"><\/div>\n\n\n<h2 class=\"wp-block-heading is-style-text-subtitle is-style-text-subtitle--1\" style=\"font-style:italic;font-weight:400\" id=\"om-exphilnerd\">Om Exphilnerd<\/h2>\n\n\n<p><em>Exphilnerd hjelper deg med \u00e5 for\u00adberede deg til Exphil.<\/em><\/p>\n\n\n\n<p><em>Exa\u00adm\u00aden philo\u00adsoph\u00adicum (forko\u00adrtet Exphil) er en uni\u00adver\u00adsitet\u00adsek\u00adsamen i filosofi i Norge. Exphil-pro\u00adgram\u00admet gir en inn\u00adf\u00f8ring i grunn\u00adleggende filosofiske sp\u00f8rsm\u00e5l om viten og etikk.<\/em><\/p>\n\n\n\n<p><em>Exphilnerds hjelp omfat\u00adter et antall tek\u00adster som er tilgjen\u00adgelige for kon\u00adsul\u00adtasjon p\u00e5 dette nettst\u00adedet, ned\u00adlast\u00adbare tem\u00ada\u00adtiske guider og skred\u00adder\u00adsy\u00addd hjelp i form av kor\u00adre\u00adspon\u00addan\u00adseveiled\u00adning.<\/em><\/p>\n\n\n\n<p><em><a href=\"https:\/\/exphilnerd.com\/index.php\/blimedlem\/\">Reg\u00adistr\u00ader deg og f\u00e5 til\u00adgang til hele nettst\u00adedets arkiv\u00ader<\/a>. Alle tek\u00adster<em> er skrevet av et men\u00adneske og er p\u00e5 A\u2011niv\u00e5 i Exphil<\/em>; mer spe\u00adsi\u00adfikt gir reg\u00adistrering til\u00adgang til:<\/em><\/p>\n\n\n\n<ul class=\"wp-block-list\">\n<li><em>Et arkiv med filosofiske essays som dr\u00f8fter tidligere eller poten\u00adsielle eksamen\u00adsopp\u00adgaver<\/em><\/li>\n\n\n\n<li><em>Et arkiv med korte svar (ca. 500 ord) p\u00e5 stud\u00adiesp\u00f8rsm\u00e5l som dekker pen\u00adsumet sine tek\u00adster, for\u00adfat\u00adtere og begreper<\/em><\/li>\n\n\n\n<li><em>\u00c5pninger for ytterligere l\u00e6ring<\/em><\/li>\n\n\n\n<li><em>R\u00e5d og pro\u00adgres\u00adsive \u00f8velser som hjelper deg \u00e5 lykkes (kom\u00admer snart)<\/em><\/li>\n<\/ul>\n\n\n\n<p><em>Merk at Exphilnerd ogs\u00e5 tilbyr <a href=\"https:\/\/exphilnerd.com\/index.php\/eksamensguider\/\">eksamensveiled\u00adninger til sal\u00adgs her<\/a>. <\/em><\/p>\n\n\n\n<p><em>For instruk\u00adsjon\u00ader om hvor\u00addan du best for\u00adbered\u00ader deg med nettst\u00adedets arkiv og studieveiled\u00adninger, se bruk\u00ader\u00adveiled\u00adnin\u00adgen neden\u00adfor.<\/em><\/p>\n\n\n\n<p><em>Exphilnerds hjelpe\u00adma\u00adteriell er i hov\u00aded\u00adsak basert p\u00e5 Exphil-pro\u00adgram\u00admet ved Uni\u00adver\u00adsitetet i Oslo. Likev\u00adel l\u00e6r\u00ader du filosofi, skriv\u00adeteknikk og eksamensfor\u00adbere\u00addelses\u00adfer\u00addigheter som er fullt ut anven\u00addelige for for\u00adbere\u00addelse til Exphil-eksamen ved Uni\u00adver\u00adsitetet i Bergen, NTNU og Uni\u00adver\u00adsitetet i Trom\u00ads\u00f8, men ogs\u00e5 til enhver annen filosofiek\u00adsamen p\u00e5 samme niv\u00e5, uni\u00adver\u00adsitetsstudi\u00ader i filosofi som pri\u00advatist og val\u00adgfaget <strong>filosofi<\/strong> p\u00e5 videreg\u00e5ende skole.<\/em><\/p>\n\n\n\n<hr class=\"wp-block-separator has-alpha-channel-opacity\">\n\n\n<h2 class=\"wp-block-heading is-style-text-subtitle is-style-text-subtitle--2\" id=\"brukerveiledning-for-exphilnerd\"><em>Brukerveiledning for Exphilnerd<\/em><\/h2>\n\n\n<p><em>Nettst\u00adedets arkiv gir deg materiell \u00e5 stud\u00adere: filosofiske essays og korte svar p\u00e5 stud\u00adiesp\u00f8rsm\u00e5l om pen\u00adsumet, samt forslag til videre lesing og fordyp\u00adn\u00ading. Du vil stud\u00adere arkivet for \u00e5 mestre begrepene, for\u00adfat\u00adterne og tek\u00adstene i pen\u00adsumet, gj\u00f8re deg kjent med eksamensfor\u00admen og \u2011kravene, og l\u00e6re ved eksem\u00adpel \u00e5 skrive filosofiske essays. <\/em><\/p>\n\n\n\n<p><em>Du vil finne <a href=\"https:\/\/exphilnerd.com\/index.php\/exphilnerd-exphil-om-filosofiske-tekster\/\">flere instruk\u00adsjon\u00ader om hvor\u00addan du rev\u00adider\u00ader effek\u00adtivt ved hjelp av de filosofiske essayene her<\/a>.<\/em><\/p>\n\n\n\n<p><em>Eksamensguidene innehold\u00ader naturligvis uun\u00adng\u00e5elig ogs\u00e5 filosofi, men tilbyr i hov\u00aded\u00adsak en strate\u00adgi for for\u00adbere\u00addelse og tren\u00ading illus\u00adtr\u00adert med eksem\u00adpler. De veiled\u00ader deg trinn for trinn i revisjo\u00adnen din.<\/em><\/p>\n\n\n\n<hr class=\"wp-block-separator has-alpha-channel-opacity\">\n\n\n<h2 class=\"wp-block-heading\" id=\"om-forfatterskap\"><em>Om fortatterskap<\/em><\/h2>\n\n\n<p><em>Tek\u00adstene er h\u00e5nd\u00adskrevet av et men\u00adneske med A p\u00e5 Exphil. Kun\u00adstig intel\u00adli\u00adgens-verk\u00adt\u00f8y brukes i begrenset grad, hov\u00aded\u00adsake\u00adlig til enkle opp\u00adgaver som for\u00adma\u00adter\u00ading av refer\u00adanser eller kor\u00adrek\u00adturlesing.<\/em><\/p>\n\n\n\n<p><em>Gj\u00f8r det samme: tenk og skriv uten \u00e5 v\u00e6re koblet til inter\u00adnett. Du vil v\u00e6re min\u00addre pro\u00adduk\u00adtiv n\u00e5r det gjelder kvan\u00adtitet, og tek\u00adstene dine vil ha sm\u00e5 feil, men hjer\u00adnen din vil bevare det meste av sine evn\u00ader. Ikke la m\u00e5let med h\u00f8yere utdan\u00adning v\u00e6re \u00e5 hoppe gjen\u00adnom ringer og krysse av i bokser: m\u00e5let ditt er \u00e5 \u00f8ve.<\/em><\/p>\n\n\n\n<hr class=\"wp-block-separator has-alpha-channel-opacity\">\n\n\n\n<p class=\"is-style-text-subtitle is-style-text-subtitle--3\"><em>Impor\u00adtant dis\u00adclaimer<\/em><\/p>\n\n\n\n<p><em>Exphilnerd is not affil\u00adi\u00adat\u00aded with Uni\u00adver\u00adsitet i Oslo nor any oth\u00ader uni\u00adver\u00adsi\u00adty in Nor\u00adway nor in gen\u00ader\u00adal any insti\u00adtu\u00adtion of high\u00ader edu\u00adca\u00adtion offer\u00ading the Exphil exam. Opin\u00adions and advice are our own. We do not guar\u00adan\u00adtee any results: We can only cat\u00adalyze progress, for which you remain pri\u00admar\u00adi\u00adly respon\u00adsi\u00adble.<\/em><\/p>\n<\/div>\n","protected":false},"excerpt":{"rendered":"<p>Om Exphilnerd Exphilnerd hjelper deg med \u00e5 for\u00adberede deg til Exphil. Exa\u00adm\u00aden philo\u00adsoph\u00adicum (forko\u00adrtet Exphil) er en uni\u00adver\u00adsitet\u00adsek\u00adsamen i filosofi i Norge. Exphil-pro\u00ad\u00adgram\u00admet gir en inn\u00adf\u00f8ring i grunn\u00adleggende filosofiske sp\u00f8rsm\u00e5l om viten og etikk. Exphilnerds hjelp omfat\u00adter et antall tek\u00adster som er tilgjen\u00adgelige for kon\u00adsul\u00adtasjon p\u00e5 dette nettst\u00adedet, ned\u00adlast\u00adbare tem\u00ada\u00adtiske guider og skred\u00adder\u00adsy\u00addd hjelp i [\u2026]<\/p>\n","protected":false},"author":1,"featured_media":0,"parent":0,"menu_order":0,"comment_status":"closed","ping_status":"open","template":"","meta":{"wp_typography_post_enhancements_disabled":false,"iawp_total_views":5,"footnotes":""},"class_list":["post-141","page","type-page","status-publish","hentry"],"yoast_head":"<!-- This site is optimized with the Yoast SEO plugin v26.6 - https:\/\/yoast.com\/wordpress\/plugins\/seo\/ -->\n<title>Om Exphilnerd - Exphilnerd<\/title>\n<meta name=\"robots\" content=\"index, follow, max-snippet:-1, max-image-preview:large, max-video-preview:-1\" \/>\n<link rel=\"canonical\" href=\"https:\/\/exphilnerd.com\/index.php\/exphilnerd-exphil-om-exphilnerd\/\" \/>\n<meta property=\"og:locale\" content=\"nb_NO\" \/>\n<meta property=\"og:type\" content=\"article\" \/>\n<meta property=\"og:title\" content=\"Om Exphilnerd - Exphilnerd\" \/>\n<meta property=\"og:description\" content=\"Om Exphilnerd Exphilnerd hjelper deg med \u00e5 for\u00adberede deg til Exphil. Exa\u00adm\u00aden philo\u00adsoph\u00adicum (forko\u00adrtet Exphil) er en uni\u00adver\u00adsitet\u00adsek\u00adsamen i filosofi i Norge. Exphil-pro\u00adgram\u00admet gir en inn\u00adf\u00f8ring i grunn\u00adleggende filosofiske sp\u00f8rsm\u00e5l om viten og etikk. Exphilnerds hjelp omfat\u00adter et antall tek\u00adster som er tilgjen\u00adgelige for kon\u00adsul\u00adtasjon p\u00e5 dette nettst\u00adedet, ned\u00adlast\u00adbare tem\u00ada\u00adtiske guider og skred\u00adder\u00adsy\u00addd hjelp i [&hellip;]\" \/>\n<meta property=\"og:url\" content=\"https:\/\/exphilnerd.com\/index.php\/exphilnerd-exphil-om-exphilnerd\/\" \/>\n<meta property=\"og:site_name\" content=\"Exphilnerd\" \/>\n<meta property=\"article:modified_time\" content=\"2025-12-30T18:03:25+00:00\" \/>\n<meta name=\"twitter:card\" content=\"summary_large_image\" \/>\n<meta name=\"twitter:label1\" content=\"Ansl. lesetid\" \/>\n\t<meta name=\"twitter:data1\" content=\"3 minutter\" \/>\n<script type=\"application\/ld+json\" class=\"yoast-schema-graph\">{\"@context\":\"https:\/\/schema.org\",\"@graph\":[{\"@type\":\"WebPage\",\"@id\":\"https:\/\/exphilnerd.com\/index.php\/exphilnerd-exphil-om-exphilnerd\/\",\"url\":\"https:\/\/exphilnerd.com\/index.php\/exphilnerd-exphil-om-exphilnerd\/\",\"name\":\"Om Exphilnerd - Exphilnerd\",\"isPartOf\":{\"@id\":\"https:\/\/exphilnerd.com\/#website\"},\"datePublished\":\"2025-12-13T18:18:33+00:00\",\"dateModified\":\"2025-12-30T18:03:25+00:00\",\"breadcrumb\":{\"@id\":\"https:\/\/exphilnerd.com\/index.php\/exphilnerd-exphil-om-exphilnerd\/#breadcrumb\"},\"inLanguage\":\"nb-NO\",\"potentialAction\":[{\"@type\":\"ReadAction\",\"target\":[\"https:\/\/exphilnerd.com\/index.php\/exphilnerd-exphil-om-exphilnerd\/\"]}]},{\"@type\":\"BreadcrumbList\",\"@id\":\"https:\/\/exphilnerd.com\/index.php\/exphilnerd-exphil-om-exphilnerd\/#breadcrumb\",\"itemListElement\":[{\"@type\":\"ListItem\",\"position\":1,\"name\":\"Hjem\",\"item\":\"https:\/\/exphilnerd.com\/\"},{\"@type\":\"ListItem\",\"position\":2,\"name\":\"Om Exphilnerd\"}]},{\"@type\":\"WebSite\",\"@id\":\"https:\/\/exphilnerd.com\/#website\",\"url\":\"https:\/\/exphilnerd.com\/\",\"name\":\"Exphilnerd\",\"description\":\"\",\"publisher\":{\"@id\":\"https:\/\/exphilnerd.com\/#organization\"},\"potentialAction\":[{\"@type\":\"SearchAction\",\"target\":{\"@type\":\"EntryPoint\",\"urlTemplate\":\"https:\/\/exphilnerd.com\/?s={search_term_string}\"},\"query-input\":{\"@type\":\"PropertyValueSpecification\",\"valueRequired\":true,\"valueName\":\"search_term_string\"}}],\"inLanguage\":\"nb-NO\"},{\"@type\":\"Organization\",\"@id\":\"https:\/\/exphilnerd.com\/#organization\",\"name\":\"Exphilnerd\",\"url\":\"https:\/\/exphilnerd.com\/\",\"logo\":{\"@type\":\"ImageObject\",\"inLanguage\":\"nb-NO\",\"@id\":\"https:\/\/exphilnerd.com\/#\/schema\/logo\/image\/\",\"url\":\"https:\/\/exphilnerd.com\/wp-content\/uploads\/2025\/12\/Ehret-Methodus_Plantarum_Sexualis-1-scaled.jpeg\",\"contentUrl\":\"https:\/\/exphilnerd.com\/wp-content\/uploads\/2025\/12\/Ehret-Methodus_Plantarum_Sexualis-1-scaled.jpeg\",\"width\":1831,\"height\":2560,\"caption\":\"Exphilnerd\"},\"image\":{\"@id\":\"https:\/\/exphilnerd.com\/#\/schema\/logo\/image\/\"}}]}<\/script>\n<!-- \/ Yoast SEO plugin. -->","yoast_head_json":{"title":"Om Exphilnerd - Exphilnerd","robots":{"index":"index","follow":"follow","max-snippet":"max-snippet:-1","max-image-preview":"max-image-preview:large","max-video-preview":"max-video-preview:-1"},"canonical":"https:\/\/exphilnerd.com\/index.php\/exphilnerd-exphil-om-exphilnerd\/","og_locale":"nb_NO","og_type":"article","og_title":"Om Exphilnerd - Exphilnerd","og_description":"Om Exphilnerd Exphilnerd hjelper deg med \u00e5 for\u00adberede deg til Exphil. Exa\u00adm\u00aden philo\u00adsoph\u00adicum (forko\u00adrtet Exphil) er en uni\u00adver\u00adsitet\u00adsek\u00adsamen i filosofi i Norge. Exphil-pro\u00adgram\u00admet gir en inn\u00adf\u00f8ring i grunn\u00adleggende filosofiske sp\u00f8rsm\u00e5l om viten og etikk. Exphilnerds hjelp omfat\u00adter et antall tek\u00adster som er tilgjen\u00adgelige for kon\u00adsul\u00adtasjon p\u00e5 dette nettst\u00adedet, ned\u00adlast\u00adbare tem\u00ada\u00adtiske guider og skred\u00adder\u00adsy\u00addd hjelp i [&hellip;]","og_url":"https:\/\/exphilnerd.com\/index.php\/exphilnerd-exphil-om-exphilnerd\/","og_site_name":"Exphilnerd","article_modified_time":"2025-12-30T18:03:25+00:00","twitter_card":"summary_large_image","twitter_misc":{"Ansl. lesetid":"3 minutter"},"schema":{"@context":"https:\/\/schema.org","@graph":[{"@type":"WebPage","@id":"https:\/\/exphilnerd.com\/index.php\/exphilnerd-exphil-om-exphilnerd\/","url":"https:\/\/exphilnerd.com\/index.php\/exphilnerd-exphil-om-exphilnerd\/","name":"Om Exphilnerd - Exphilnerd","isPartOf":{"@id":"https:\/\/exphilnerd.com\/#website"},"datePublished":"2025-12-13T18:18:33+00:00","dateModified":"2025-12-30T18:03:25+00:00","breadcrumb":{"@id":"https:\/\/exphilnerd.com\/index.php\/exphilnerd-exphil-om-exphilnerd\/#breadcrumb"},"inLanguage":"nb-NO","potentialAction":[{"@type":"ReadAction","target":["https:\/\/exphilnerd.com\/index.php\/exphilnerd-exphil-om-exphilnerd\/"]}]},{"@type":"BreadcrumbList","@id":"https:\/\/exphilnerd.com\/index.php\/exphilnerd-exphil-om-exphilnerd\/#breadcrumb","itemListElement":[{"@type":"ListItem","position":1,"name":"Hjem","item":"https:\/\/exphilnerd.com\/"},{"@type":"ListItem","position":2,"name":"Om Exphilnerd"}]},{"@type":"WebSite","@id":"https:\/\/exphilnerd.com\/#website","url":"https:\/\/exphilnerd.com\/","name":"Exphilnerd","description":"","publisher":{"@id":"https:\/\/exphilnerd.com\/#organization"},"potentialAction":[{"@type":"SearchAction","target":{"@type":"EntryPoint","urlTemplate":"https:\/\/exphilnerd.com\/?s={search_term_string}"},"query-input":{"@type":"PropertyValueSpecification","valueRequired":true,"valueName":"search_term_string"}}],"inLanguage":"nb-NO"},{"@type":"Organization","@id":"https:\/\/exphilnerd.com\/#organization","name":"Exphilnerd","url":"https:\/\/exphilnerd.com\/","logo":{"@type":"ImageObject","inLanguage":"nb-NO","@id":"https:\/\/exphilnerd.com\/#\/schema\/logo\/image\/","url":"https:\/\/exphilnerd.com\/wp-content\/uploads\/2025\/12\/Ehret-Methodus_Plantarum_Sexualis-1-scaled.jpeg","contentUrl":"https:\/\/exphilnerd.com\/wp-content\/uploads\/2025\/12\/Ehret-Methodus_Plantarum_Sexualis-1-scaled.jpeg","width":1831,"height":2560,"caption":"Exphilnerd"},"image":{"@id":"https:\/\/exphilnerd.com\/#\/schema\/logo\/image\/"}}]}},"_hostinger_reach_plugin_has_subscription_block":false,"_hostinger_reach_plugin_is_elementor":false,"jetpack_sharing_enabled":true,"_links":{"self":[{"href":"https:\/\/exphilnerd.com\/index.php\/wp-json\/wp\/v2\/pages\/141","targetHints":{"allow":["GET"]}}],"collection":[{"href":"https:\/\/exphilnerd.com\/index.php\/wp-json\/wp\/v2\/pages"}],"about":[{"href":"https:\/\/exphilnerd.com\/index.php\/wp-json\/wp\/v2\/types\/page"}],"author":[{"embeddable":true,"href":"https:\/\/exphilnerd.com\/index.php\/wp-json\/wp\/v2\/users\/1"}],"replies":[{"embeddable":true,"href":"https:\/\/exphilnerd.com\/index.php\/wp-json\/wp\/v2\/comments?post=141"}],"version-history":[{"count":25,"href":"https:\/\/exphilnerd.com\/index.php\/wp-json\/wp\/v2\/pages\/141\/revisions"}],"predecessor-version":[{"id":181131874,"href":"https:\/\/exphilnerd.com\/index.php\/wp-json\/wp\/v2\/pages\/141\/revisions\/181131874"}],"wp:attachment":[{"href":"https:\/\/exphilnerd.com\/index.php\/wp-json\/wp\/v2\/media?parent=141"}],"curies":[{"name":"wp","href":"https:\/\/api.w.org\/{rel}","templated":true}]}}